{"id":2,"date":"2026-03-03T00:56:25","date_gmt":"2026-03-03T00:56:25","guid":{"rendered":"http:\/\/axeuro-safety.com\/?page_id=2"},"modified":"2026-03-05T14:27:38","modified_gmt":"2026-03-05T14:27:38","slug":"sample-page","status":"publish","type":"page","link":"https:\/\/axeuro-safety.com\/","title":{"rendered":"AXEURO SAFETY &#8211; Fabricant"},"content":{"rendered":"\n<h2 class=\"wp-block-heading has-text-align-left has-custom-color-3-color has-text-color has-link-color has-x-large-font-size wp-elements-2d1b6ecaa8bd7148448a7d34ba41c666\"><strong>Douches de S\u00e9curit\u00e9 et Laveurs d&rsquo;yeux<\/strong><\/h2>\n\n\n\n<p class=\"has-text-align-left\"><strong>Une soci\u00e9t\u00e9 100% fran\u00e7aise \u00e0 votre service \ud83c\uddeb\ud83c\uddf7&nbsp;<\/strong><\/p>\n\n\n\n<p class=\"has-text-align-left has-medium-font-size\">AXEURO SAFETY propose des \u00e9quipements de s\u00e9curit\u00e9 pour les professionnels. Nous accompagnons les entreprises de tous secteurs d\u2019activit\u00e9 : industrie, BTP, secteur m\u00e9dical, recherche, laboratoire, chimie\u2026 Pour plus d\u2019informations, n\u2019h\u00e9sitez pas \u00e0 nous contacter.<\/p>\n\n\n\n<div style=\"height:51px\" aria-hidden=\"true\" class=\"wp-block-spacer\"><\/div>\n\n\n\n<h1 class=\"wp-block-heading has-text-align-center has-accent-1-color has-text-color has-background has-link-color has-x-large-font-size wp-elements-636209a287f9e338d73a8728fa1b59b5\" style=\"background-color:#000000\">\u26a0\ufe0f <strong>SITE<\/strong> <strong>EN MAINTENANCE<\/strong> \u26a0\ufe0f<\/h1>\n\n\n\n<div style=\"height:19px\" aria-hidden=\"true\" class=\"wp-block-spacer\"><\/div>\n\n\n\n<h2 class=\"wp-block-heading has-text-align-center\">Notre nouvelle gamme 2026<\/h2>\n\n\n\n<p class=\"has-text-align-center\">D\u00e9couvrez prochainement notre nouvelle gamme de produits 2026. En attendant, vous pouvez retrouver ici :<\/p>\n\n\n\n<div style=\"height:6px\" aria-hidden=\"true\" class=\"wp-block-spacer\"><\/div>\n\n\n\n<div class=\"wp-block-buttons is-content-justification-center is-layout-flex wp-container-core-buttons-is-layout-a89b3969 wp-block-buttons-is-layout-flex\">\n<div class=\"wp-block-button is-style-fill\"><a class=\"wp-block-button__link has-background has-medium-font-size has-text-align-center has-custom-font-size wp-element-button\" href=\"https:\/\/www.axeuro.com\/fr\/584-premiers-secours\" style=\"background-color:#6ab12e\" target=\"_blank\" rel=\"noopener\">Tous nos \u00e9quipements de s\u00e9curit\u00e9<\/a><\/div>\n<\/div>\n\n\n\n<div style=\"height:10px\" aria-hidden=\"true\" class=\"wp-block-spacer\"><\/div>\n\n\n\n<figure class=\"wp-block-pullquote has-text-align-center has-text-color has-link-color has-x-large-font-size wp-elements-d86bbf2bcd2a1a23d9dd8adc71e2aac9\" style=\"color:#6ab12e\"><blockquote><p><strong>Prot\u00e9gez vos \u00e9quipes avec nos douches de s\u00e9curit\u00e9 et lave-yeux con\u00e7us pour r\u00e9sister aux environnements les plus extr\u00eames.<\/strong><\/p><\/blockquote><\/figure>\n\n\n\n<figure class=\"wp-block-video\"><video height=\"1080\" style=\"aspect-ratio: 1920 \/ 1080;\" width=\"1920\" autoplay controls loop muted src=\"https:\/\/axeuro-safety.com\/wp-content\/uploads\/2026\/03\/Axeuro-safety-05.mp4\" playsinline><\/video><\/figure>\n\n\n\n<div style=\"height:5px\" aria-hidden=\"true\" class=\"wp-block-spacer\"><\/div>\n\n\n\n<p class=\"has-text-align-center\">Faites confiance \u00e0 notre expertise et b\u00e9n\u00e9ficiez des conseils<br>de nos sp\u00e9cialistes pour un choix optimal de s\u00e9curit\u00e9 !<\/p>\n\n\n\n<div style=\"height:13px\" aria-hidden=\"true\" class=\"wp-block-spacer\"><\/div>\n\n\n\n<h2 class=\"wp-block-heading has-text-align-center\">CONTACT<\/h2>\n\n\n\n<p class=\"has-text-align-center\">Pour plus d&rsquo;informations, n&rsquo;h\u00e9sitez pas \u00e0 nous contacter :<\/p>\n\n\n\n<p class=\"has-text-align-center\">Au 01 85 40 00 00, ou par mail \u00e0 axeuro@axeuro.com.<\/p>\n","protected":false},"excerpt":{"rendered":"<p>Douches de S\u00e9curit\u00e9 et Laveurs d&rsquo;yeux Une soci\u00e9t\u00e9 100% fran\u00e7aise \u00e0 votre service \ud83c\uddeb\ud83c\uddf7&nbsp; AXEURO SAFETY propose des \u00e9quipements de s\u00e9curit\u00e9 pour les professionnels. Nous accompagnons les entreprises de tous secteurs d\u2019activit\u00e9 : industrie, BTP, secteur m\u00e9dical, recherche, laboratoire, chimie\u2026 Pour plus d\u2019informations, n\u2019h\u00e9sitez pas \u00e0 nous contacter. \u26a0\ufe0f SITE EN MAINTENANCE \u26a0\ufe0f Notre nouvelle [&hellip;]<\/p>\n","protected":false},"author":1,"featured_media":0,"parent":0,"menu_order":0,"comment_status":"closed","ping_status":"closed","template":"","meta":{"footnotes":""},"class_list":["post-2","page","type-page","status-publish","hentry"],"_links":{"self":[{"href":"https:\/\/axeuro-safety.com\/index.php?rest_route=\/wp\/v2\/pages\/2","targetHints":{"allow":["GET"]}}],"collection":[{"href":"https:\/\/axeuro-safety.com\/index.php?rest_route=\/wp\/v2\/pages"}],"about":[{"href":"https:\/\/axeuro-safety.com\/index.php?rest_route=\/wp\/v2\/types\/page"}],"author":[{"embeddable":true,"href":"https:\/\/axeuro-safety.com\/index.php?rest_route=\/wp\/v2\/users\/1"}],"replies":[{"embeddable":true,"href":"https:\/\/axeuro-safety.com\/index.php?rest_route=%2Fwp%2Fv2%2Fcomments&post=2"}],"version-history":[{"count":23,"href":"https:\/\/axeuro-safety.com\/index.php?rest_route=\/wp\/v2\/pages\/2\/revisions"}],"predecessor-version":[{"id":144,"href":"https:\/\/axeuro-safety.com\/index.php?rest_route=\/wp\/v2\/pages\/2\/revisions\/144"}],"wp:attachment":[{"href":"https:\/\/axeuro-safety.com\/index.php?rest_route=%2Fwp%2Fv2%2Fmedia&parent=2"}],"curies":[{"name":"wp","href":"https:\/\/api.w.org\/{rel}","templated":true}]}}