{"id":79,"date":"2026-03-05T12:15:54","date_gmt":"2026-03-05T12:15:54","guid":{"rendered":"https:\/\/axeuro-safety.com\/?page_id=79"},"modified":"2026-03-05T14:28:12","modified_gmt":"2026-03-05T14:28:12","slug":"79-2","status":"publish","type":"page","link":"https:\/\/axeuro-safety.com\/?page_id=79&lang=es","title":{"rendered":"AXEURO SAFETY \u2013 Fabricante"},"content":{"rendered":"\n<h2 class=\"wp-block-heading has-text-align-left has-custom-color-3-color has-text-color has-link-color has-x-large-font-size wp-elements-25d4ce7b66c2a1e8882c0d422f8db02b\"><strong>Duchas de seguridad y lavaojos<\/strong><\/h2>\n\n\n\n<p class=\"has-text-align-left\"><strong>Una empresa 100% francesa a su servicio \ud83c\uddeb\ud83c\uddf7<\/strong><\/p>\n\n\n\n<p class=\"has-medium-font-size\">AXEURO SAFETY ofrece equipos de seguridad para profesionales. Acompa\u00f1amos a empresas de todos los sectores: industria, construcci\u00f3n, sector sanitario, investigaci\u00f3n, laboratorios y qu\u00edmica. Para m\u00e1s informaci\u00f3n, no dude en ponerse en contacto con nosotros.<\/p>\n\n\n\n<div style=\"height:57px\" aria-hidden=\"true\" class=\"wp-block-spacer\"><\/div>\n\n\n\n<h1 class=\"wp-block-heading has-text-align-center has-accent-1-color has-text-color has-background has-link-color has-x-large-font-size wp-elements-beeb414ef39efc976b06c1f3e50d53db\" style=\"background-color:#000000\">\u26a0\ufe0f EN MANTENIMIENTO \u26a0\ufe0f<\/h1>\n\n\n\n<div style=\"height:19px\" aria-hidden=\"true\" class=\"wp-block-spacer\"><\/div>\n\n\n\n<h2 class=\"wp-block-heading has-text-align-center\">Nuestra nueva gama 2026<\/h2>\n\n\n\n<p class=\"has-text-align-center\">Descubra pr\u00f3ximamente nuestra nueva gama de productos 2026. Mientras tanto, puede encontrar aqu\u00ed:<\/p>\n\n\n\n<div style=\"height:6px\" aria-hidden=\"true\" class=\"wp-block-spacer\"><\/div>\n\n\n\n<div class=\"wp-block-buttons is-content-justification-center is-layout-flex wp-container-core-buttons-is-layout-a89b3969 wp-block-buttons-is-layout-flex\">\n<div class=\"wp-block-button is-style-fill\"><a class=\"wp-block-button__link has-background has-medium-font-size has-text-align-center has-custom-font-size wp-element-button\" href=\"https:\/\/www.axeuro.com\/fr\/584-premiers-secours\" style=\"background-color:#6ab12e\" target=\"_blank\" rel=\"noopener\">Todos nuestros equipos de seguridad<\/a><\/div>\n<\/div>\n\n\n\n<div style=\"height:10px\" aria-hidden=\"true\" class=\"wp-block-spacer\"><\/div>\n\n\n\n<figure class=\"wp-block-pullquote has-text-align-center has-text-color has-link-color has-x-large-font-size wp-elements-22a235b66431d11316d5efb5eee43d18\" style=\"color:#6ab12e\"><blockquote><p><strong>Proteja a sus equipos con nuestras duchas de seguridad y lavaojos dise\u00f1ados para resistir los entornos m\u00e1s extremos.<\/strong><\/p><\/blockquote><\/figure>\n\n\n\n<figure class=\"wp-block-video\"><video height=\"1080\" style=\"aspect-ratio: 1920 \/ 1080;\" width=\"1920\" autoplay controls loop muted src=\"https:\/\/axeuro-safety.com\/wp-content\/uploads\/2026\/03\/Axeuro-safety-05.mp4\" playsinline><\/video><\/figure>\n\n\n\n<div style=\"height:5px\" aria-hidden=\"true\" class=\"wp-block-spacer\"><\/div>\n\n\n\n<p class=\"has-text-align-center\">Conf\u00ede en nuestra experiencia y benef\u00edciese del asesoramiento<br>de nuestros especialistas para una elecci\u00f3n \u00f3ptima en materia de seguridad.<\/p>\n\n\n\n<div style=\"height:13px\" aria-hidden=\"true\" class=\"wp-block-spacer\"><\/div>\n\n\n\n<h2 class=\"wp-block-heading has-text-align-center\">CONTACTO<\/h2>\n\n\n\n<p class=\"has-text-align-center\">Para m\u00e1s informaci\u00f3n, no dude en contactarnos :<\/p>\n\n\n\n<p class=\"has-text-align-center\">Por tel\u00e9fono al +33 1 85 40 00 00, o por correo electr\u00f3nico a axeuro@axeuro.com.<\/p>\n","protected":false},"excerpt":{"rendered":"<p>Duchas de seguridad y lavaojos Una empresa 100% francesa a su servicio \ud83c\uddeb\ud83c\uddf7 AXEURO SAFETY ofrece equipos de seguridad para profesionales. Acompa\u00f1amos a empresas de todos los sectores: industria, construcci\u00f3n, sector sanitario, investigaci\u00f3n, laboratorios y qu\u00edmica. Para m\u00e1s informaci\u00f3n, no dude en ponerse en contacto con nosotros. \u26a0\ufe0f EN MANTENIMIENTO \u26a0\ufe0f Nuestra nueva gama 2026 [&hellip;]<\/p>\n","protected":false},"author":2,"featured_media":0,"parent":0,"menu_order":0,"comment_status":"closed","ping_status":"closed","template":"","meta":{"footnotes":""},"class_list":["post-79","page","type-page","status-publish","hentry"],"_links":{"self":[{"href":"https:\/\/axeuro-safety.com\/index.php?rest_route=\/wp\/v2\/pages\/79","targetHints":{"allow":["GET"]}}],"collection":[{"href":"https:\/\/axeuro-safety.com\/index.php?rest_route=\/wp\/v2\/pages"}],"about":[{"href":"https:\/\/axeuro-safety.com\/index.php?rest_route=\/wp\/v2\/types\/page"}],"author":[{"embeddable":true,"href":"https:\/\/axeuro-safety.com\/index.php?rest_route=\/wp\/v2\/users\/2"}],"replies":[{"embeddable":true,"href":"https:\/\/axeuro-safety.com\/index.php?rest_route=%2Fwp%2Fv2%2Fcomments&post=79"}],"version-history":[{"count":8,"href":"https:\/\/axeuro-safety.com\/index.php?rest_route=\/wp\/v2\/pages\/79\/revisions"}],"predecessor-version":[{"id":145,"href":"https:\/\/axeuro-safety.com\/index.php?rest_route=\/wp\/v2\/pages\/79\/revisions\/145"}],"wp:attachment":[{"href":"https:\/\/axeuro-safety.com\/index.php?rest_route=%2Fwp%2Fv2%2Fmedia&parent=79"}],"curies":[{"name":"wp","href":"https:\/\/api.w.org\/{rel}","templated":true}]}}